{"id":6,"date":"2019-10-18T12:58:34","date_gmt":"2019-10-18T10:58:34","guid":{"rendered":"https:\/\/studio-campana.com\/index.php\/mesmerize-pro\/"},"modified":"2023-11-28T15:41:25","modified_gmt":"2023-11-28T14:41:25","slug":"mesmerize-pro","status":"publish","type":"page","link":"https:\/\/studio-campana.com\/","title":{"rendered":"Front Page"},"content":{"rendered":"<div  data-label=\"Chi siamo\" data-id=\"about--2\" data-export-id=\"about-9\" data-category=\"about\" class=\"about-9 content-section content-section-spacing\" id=\"chi-siamo\" style=\"background-color: rgb(255, 255, 255);\"><div  class=\"gridContainer\"> <div  class=\"row middle-sm text-center\"><div  class=\"col-sm-5 space-bottom-xs content-column content-left-sm\" data-type=\"column\">  <h2  class=\"\">CHI SIAMO<\/h2> <p  class=\"\">Lo Studio Campana &amp; C. vanta un\u2019esperienza trentennale e consolidata nel settore dell\u2019amministrazione condominiale e della gestione di patrimoni immobiliari.\n<br ><br >\n<span  style=\"font-weight: 400;\">L\u2019esperienza e la preparazione amministrativa,<\/span> tecnica e giuridica, fanno dello Studio un riferimento qualitativamente valido per risolvere tutte le problematiche della vita condominiale.  Qualit\u00e0 dei servizi, trasparenza nella gestione, disponibilit\u00e0 dell\u2019amministrazione, messa in sicurezza dell\u2019immobile e composizione stragiudiziale delle controversie condominiali sono requisiti essenziali per garantire la soddisfazione dei nostri condomini.\n<br ><br >\nLo Studio Campana &amp; C. si avvale inoltre della consulenza di <span  style=\"font-weight: 400;\">professionisti esterni qualificati e di fornitori di servizi specializzati <\/span>per rispondere con sollecitudine agli interventi richiesti.<\/p> <\/div> <div  class=\"col-sm-7 flexbox flexbox middle-xs center-xs space-bottom-xs\"><div  class=\"overlay-box flexbox middle-xs center-xs overlay-holder \"> <div  class=\"overlay-box-offset offset-background shadow-medium bg-color2 hide-xs\"><\/div> <a data-cp-link=\"1\" href=\"#\" target=\"_self\" rel=\"noopener noreferrer\"><img decoding=\"async\"  class=\"flexbox shadow-large img1\" src=\"https:\/\/studio-campana.com\/wp-content\/uploads\/2021\/06\/AdobeStock_186915486-min-scaled.jpeg\" data-size=\"600x400\"><\/a><\/div> <\/div><\/div> <\/div><\/div><div  id=\"cta-1\" data-label=\"Cta\" data-id=\"cta-blue-section\" data-export-id=\"cta-blue-section\" data-category=\"cta\" class=\"cta-blue-section content-section content-section-spacing-medium bg-color1 white-text content-relative\" style=\"background-image: none; background-color: rgb(99, 104, 108);\"><div  class=\"gridContainer\"> <div  class=\"row middle-xs\"><div  class=\"col-sm-8 space-bottom-xs\" data-type=\"column\"> <h2  class=\"\" style=\"text-align: center;\"><span  style=\"color: rgb(252, 250, 250); font-weight: 600;\">RICHIEDI UN PREVENTIVO<\/span><\/h2> <\/div> <div  class=\"col-sm-4 end-sm\" data-type=\"column\"> <a class=\"button color13\" href=\"#contatti\" target=\"_self\" data-cp-link=\"1\" data-icon=\"\" rel=\"noopener noreferrer\">CONTATTACI<\/a><\/div> <\/div><\/div> <\/div><div  data-label=\"I nostri servizi\" data-id=\"content--1\" data-export-id=\"content-9\" data-category=\"content\" class=\"content-9 content-section content-section-spacing content-relative\" id=\"i-nostri-servizi-1\" style=\"background-color: rgba(3, 169, 244, 0); background-size: cover; background-image: none; background-position: center top;\" data-section-ov=\"1\"><div  class=\"gridContainer\"> <div  class=\"row text-center\"><div  class=\"section-title-col\" data-type=\"column\"> <h2  class=\"\"><span  style=\"font-weight: 700;\">PERCHE\u2019 SCEGLIERE NOI<\/span><\/h2> <\/div> <\/div> <div  class=\"row space-bottom text-center\" data-type=\"row\"> <div  class=\"col-sm-4 col-padding-small\"> <i  class=\"fa icon fa-check reverse round large color11\"><\/i> <h4  class=\"\"><span  style=\"font-weight: 700;\">MODERNITA\u2019<\/span><\/h4> <h5  class=\"\"><span  style=\"font-weight: 300;\">Uno Studio informatizzato, sempre aggiornato sulle normative in continuo mutamento e con una visione panoramica sul settore immobiliare.<\/span><\/h5><\/div> <div  class=\"col-sm-4 col-padding-small\"><i  class=\"fa icon fa-life-bouy reverse round large color11\"><\/i> <h4  class=\"\"><span  style=\"font-weight: 700;\">SERIETA\u2019<\/span><\/h4> <h5  class=\"\"><span  style=\"font-weight: 300;\">Servizi, attivit\u00e0 e tariffe chiare e verificabili. Il nostro approccio con i clienti \u00e8 scandito da modalit\u00e0 operative consolidate che ci permettono di essere trasparenti e tempestivi in fatto di comunicazione e rendicontazione.<\/span><\/h5><\/div> <div  class=\"col-sm-4 col-padding-small\"><i  class=\"fa icon fa-thumbs-o-up reverse round large color11\"><\/i> <h4  class=\"\"><span  style=\"font-weight: 700;\">EFFICIENZA<\/span><\/h4> <h5  class=\"\"><span  style=\"font-weight: 300;\">La nostra missione \u00e8 sollevare i condom\u00ecni da ogni incombenza. Lo Studio Campana &amp; C. offre una gestione ottimizzata dell\u2019amministrazione condominiale, garantendo i migliori risultati nel minor tempo possibile.<\/span><\/h5><\/div> <\/div> <div  class=\"row center-xs middle-xs\"> <div  class=\"col-sm-12\" data-type=\"column\">  <\/div><\/div> <\/div><\/div><div  data-label=\"Cta\" data-id=\"cta--1\" data-export-id=\"cta-centered-section-grid\" data-category=\"cta\" class=\"cta-centered-section-grid content-section content-section-spacing-medium bg-color1 white-text content-relative\" id=\"cta-2\" style=\"background-image: none; background-color: rgb(114, 175, 121);\"><div  class=\"gridContainer\"> <div  class=\"row text-center\"><div  class=\"col-xs-12 col-sm-10 col-sm-offset-1 col-md-8 col-md-offset-2\" data-type=\"column\"> <h2  class=\"\"><span  style=\"font-weight: 700;\">FORMAZIONE E AGGIORNAMENTO<\/span><\/h2> <p  class=\"\">La filosofia che seguiamo si basa sull\u2019innovazione continua e sull\u2019aggiornamento costante\n<br >e professionale presso il nostro Studio.\n<br ><br ><span  style=\"font-size: 11pt; line-height: 107%; font-family: &quot;Open Sans&quot;, arial, helvetica, sans-serif;\">Iscrizione al registro amministratori immobiliari di\nASSOEDILIZIA N. 388<\/span><\/p> <a class=\"button color12\" href=\"#contatti\" target=\"_self\" data-cp-link=\"1\" data-icon=\"\" rel=\"noopener noreferrer\">CONTATTACI<\/a><\/div> <\/div><\/div> <\/div><div  data-label=\"I nostri servizi\" data-id=\"features--2\" data-export-id=\"features-12\" data-category=\"features\" class=\"features-12 content-section content-section-spacing\" id=\"i-nostri-servizi\" style=\"background-color: rgb(229, 238, 230); background-image: none;\"><div  class=\"gridContainer\"> <div  class=\"row text-center\"><div  class=\"section-title-col\" data-type=\"column\"> <h2  class=\"\">I NOSTRI SERVIZI<\/h2> <p  class=\"lead\">Siamo in grado di offrire ai nostri clienti una serie di servizi completa ed interdisciplinare, per poter affrontare le problematiche riguardanti il settore ed il mercato immobiliare.<\/p><\/div> <\/div> <div  class=\"row spaced-cols\" data-type=\"row\"> <div  class=\"col-sm-6\"> <div  class=\"row space-bottom\"> <div  class=\"col-sm-fit icon-column\"> <i  class=\"fa icon fa-calculator bordered round color11\"><\/i> <\/div> <div  class=\"col-sm\" data-type=\"column\"> <h5  class=\"color2\"><span  style=\"color: rgb(53, 140, 68);\">CONTABILITA\u2019<\/span><\/h5> <p  class=\"\">Disponiamo dei pi\u00f9 moderni programmi gestionali per redazione bilanci, resoconti, riparto spese in base alle tabelle millesimali, riscossione quote.<\/p><\/div> <\/div><\/div> <div  class=\"col-sm-6\"><div  class=\"row space-bottom\"> <div  class=\"col-sm-fit icon-column\"><i  class=\"fa icon fa-wrench bordered round color11\"><\/i><\/div> <div  class=\"col-sm\" data-type=\"column\"><h5  class=\"color2\"><span  style=\"color: rgb(53, 140, 68);\">GESTIONE INTERVENTI<\/span><\/h5> <p  class=\"\">Tempismo ed efficacia per ogni tipo di&nbsp;<br >\nintervento condominiale, 365 giorni<br >\nsu 365.<\/p><\/div> <\/div><\/div> <div  class=\"col-sm-6\"><div  class=\"row space-bottom\"> <div  class=\"col-sm-fit icon-column\"><i  class=\"fa icon fa-lock bordered round color11\"><\/i><\/div> <div  class=\"col-sm\" data-type=\"column\"><h5  class=\"color2\"><span  style=\"color: rgb(53, 140, 68);\">PRIVACY CONDOMINIALE<\/span><\/h5> <p  class=\"\">Accedi all\u2019area Privacy Condominiale per<br >\npoter scaricare l\u2019informativa condominiale sempre aggiornata.<\/p><a class=\"button color11\" href=\"https:\/\/www.d360.cloud\/privacycondominiale\" target=\"_self\" data-cp-link=\"1\" data-icon=\"\" rel=\"noopener noreferrer\">ACCEDI<\/a><\/div> <\/div><\/div> <div  class=\"col-sm-6\"><div  class=\"row space-bottom\"> <div  class=\"col-sm-fit icon-column\"><i  class=\"fa icon fa-balance-scale bordered round color11\"><\/i><\/div> <div  class=\"col-sm\" data-type=\"column\"><h5  class=\"color2\"><span  style=\"color: rgb(53, 140, 68);\">RAPPRESENTANZA LEGALE<\/span><span  id=\"_mce_caret\" data-mce-bogus=\"1\" data-mce-type=\"format-caret\"><span  style=\"color: rgb(53, 140, 68);\">\ufeff<\/span><\/span><\/h5> <p  class=\"\">Collaboriamo con professionisti in grado \n<br >di garantire rappresentanza legale al tuo<br >\ncondominio.<\/p><\/div> <\/div><\/div> <div  class=\"col-sm-6\"> <div  class=\"row space-bottom\"> <div  class=\"col-sm-fit icon-column\"> <i  class=\"fa icon fa-building bordered round color11\"><\/i> <\/div> <div  class=\"col-sm\" data-type=\"column\"> <h5  class=\"color2\"><span  style=\"color: rgb(53, 140, 68);\">GESTIONE LOCAZIONI<\/span><\/h5> <p  class=\"\">Gestione amministrativa e fiscale dei contratti \n<br >di locazione.<\/p><\/div> <\/div><\/div><div  class=\"col-sm-6\"> <div  class=\"row space-bottom\"> <div  class=\"col-sm-fit icon-column\"> <i  class=\"fa icon fa-briefcase bordered round color11\"><\/i> <\/div> <div  class=\"col-sm\" data-type=\"column\"> <h5  class=\"color2\"><span  style=\"color: rgb(53, 140, 68);\">CONSULENZA<\/span><\/h5> <p  class=\"\">Consulenza finanziaria e fiscale per privati.<\/p><\/div> <\/div><\/div><\/div><\/div> <\/div><div  data-label=\"Il Team\" data-id=\"team--1\" data-export-id=\"team-1\" data-category=\"team\" class=\"team-1 content-section content-section-spacing\" id=\"il-team\" style=\"background-color: rgb(255, 255, 255); background-image: none;\"><div  class=\"gridContainer\"> <div  class=\"row text-center\"><div  class=\"section-title-col\" data-type=\"column\"> <h2  class=\"\">IL TEAM<\/h2> <p  class=\"lead\">La nostra squadra \u00e8 composta da professionisti seri, competenti e costantemente aggiornati su tutte le novit\u00e0 del settore. Umanit\u00e0 e dedizione sono le parole chiave che guidano i nostri collaboratori.<\/p><\/div> <\/div> <div  class=\"row spaced-cols content-center-sm\" data-type=\"row\">        <div  class=\"col-xs-12 col-sm-6 col-md-6 \"> <div  class=\"card no-padding no-shadow bottom-border-color11\">  <div  data-type=\"column\" class=\"col-padding-small col-padding-small-xs description-container\"> <h4  class=\"font-500\"><span  style=\"font-weight: 900;\">\n<br >LIANA CAMPANA<\/span><\/h4>  <h6  class=\"\"><span  style=\"font-size: 11pt; line-height: 107%; font-family: Muli, arial, helvetica, sans-serif; font-weight: 700;\">l.campana@studiocampana-mi.it<\/span><\/h6><div  class=\"social-icons-group\" data-type=\"group\"> <a href=\"#\" target=\"_self\" rel=\"noopener noreferrer\" data-reiki-hidden=\"true\"><i  class=\"fa icon fa-facebook-square gray\"><\/i><\/a> <a href=\"#\" target=\"_self\" rel=\"noopener noreferrer\" data-reiki-hidden=\"true\"><i  class=\"fa icon fa-twitter-square gray\"><\/i><\/a> <a href=\"#\" target=\"_self\" rel=\"noopener noreferrer\" data-reiki-hidden=\"true\"><i  class=\"fa icon fa-linkedin-square gray\"><\/i><\/a> <a href=\"#\" target=\"_self\" rel=\"noopener noreferrer\" data-reiki-hidden=\"true\"><i  class=\"fa icon fa-google-plus-square gray\"><\/i><\/a><\/div> <\/div><\/div> <\/div><div  class=\"col-xs-12 col-sm-6 col-md-6\"> <div  class=\"card no-padding no-shadow bottom-border-color11\">  <div  data-type=\"column\" class=\"col-padding-small col-padding-small-xs description-container\"> <h4  class=\"font-500\"><span  style=\"font-weight: 900;\">\n<br >CARMEN ROMANO<\/span><\/h4>  <h6  class=\"\"><span  style=\"font-size: 11pt; line-height: 107%; font-family: Muli, arial, helvetica, sans-serif; font-weight: 700;\">segreteria@studiocampana-mi.it<\/span><\/h6><div  class=\"social-icons-group\" data-type=\"group\"> <a href=\"#\" target=\"_self\" rel=\"noopener noreferrer\" data-reiki-hidden=\"true\"><i  class=\"fa icon fa-facebook-square gray\"><\/i><\/a> <a href=\"#\" target=\"_self\" rel=\"noopener noreferrer\" data-reiki-hidden=\"true\"><i  class=\"fa icon fa-twitter-square gray\"><\/i><\/a> <a href=\"#\" target=\"_self\" rel=\"noopener noreferrer\" data-reiki-hidden=\"true\"><i  class=\"fa icon fa-linkedin-square gray\"><\/i><\/a> <a href=\"#\" target=\"_self\" rel=\"noopener noreferrer\" data-reiki-hidden=\"true\"><i  class=\"fa icon fa-google-plus-square gray\"><\/i><\/a><\/div> <\/div><\/div> <\/div><div  class=\"col-xs-12 col-sm-6 col-md-6 \"> <div  class=\"card no-padding no-shadow bottom-border-color11\">  <div  data-type=\"column\" class=\"col-padding-small col-padding-small-xs description-container\"> <h4  class=\"font-500\"><span  style=\"font-weight: 900;\">\n<br >MICHELE CAPELLI<\/span><\/h4>  <h6  class=\"\"><span  style=\"font-size: 11pt; line-height: 107%; font-family: Muli, arial, helvetica, sans-serif; font-weight: 700;\">m.capelli@studiocampana-mi.it<\/span><\/h6><div  class=\"social-icons-group\" data-type=\"group\"> <a href=\"#\" target=\"_self\" rel=\"noopener noreferrer\" data-reiki-hidden=\"true\"><i  class=\"fa icon fa-facebook-square gray\"><\/i><\/a> <a href=\"#\" target=\"_self\" rel=\"noopener noreferrer\" data-reiki-hidden=\"true\"><i  class=\"fa icon fa-twitter-square gray\"><\/i><\/a> <a href=\"#\" target=\"_self\" rel=\"noopener noreferrer\" data-reiki-hidden=\"true\"><i  class=\"fa icon fa-linkedin-square gray\"><\/i><\/a> <a href=\"#\" target=\"_self\" rel=\"noopener noreferrer\" data-reiki-hidden=\"true\"><i  class=\"fa icon fa-google-plus-square gray\"><\/i><\/a><\/div> <\/div><\/div> <\/div><div  class=\"col-xs-12 col-sm-6 col-md-6\"> <div  class=\"card no-padding no-shadow bottom-border-color11\">  <div  data-type=\"column\" class=\"col-padding-small col-padding-small-xs description-container\"> <h4  class=\"font-500\"><span  style=\"font-weight: 900;\">\n<br >SIMONE ZENI<\/span><\/h4>  <h6  class=\"\"><span  style=\"font-size: 11pt; line-height: 107%; font-family: Muli, arial, helvetica, sans-serif; font-weight: 700;\">s.zeni@studiocampana-mi.it<\/span><\/h6><div  class=\"social-icons-group\" data-type=\"group\"> <a href=\"#\" target=\"_self\" rel=\"noopener noreferrer\" data-reiki-hidden=\"true\"><i  class=\"fa icon fa-facebook-square gray\"><\/i><\/a> <a href=\"#\" target=\"_self\" rel=\"noopener noreferrer\" data-reiki-hidden=\"true\"><i  class=\"fa icon fa-twitter-square gray\"><\/i><\/a> <a href=\"#\" target=\"_self\" rel=\"noopener noreferrer\" data-reiki-hidden=\"true\"><i  class=\"fa icon fa-linkedin-square gray\"><\/i><\/a> <a href=\"#\" target=\"_self\" rel=\"noopener noreferrer\" data-reiki-hidden=\"true\"><i  class=\"fa icon fa-google-plus-square gray\"><\/i><\/a><\/div> <\/div><\/div> <\/div><\/div> <\/div><\/div><div  data-label=\"Overlappable\" data-id=\"overlappable--1\" data-export-id=\"overlappable-3\" data-category=\"overlappable\" class=\"overlappable-3 content-section content-section-spacing\" data-overlap=\"true\" id=\"overlappable-1\" style=\"background-color: rgb(207, 233, 212); background-image: none;\"><div  class=\"gridContainer\"> <div  class=\"row bg-color-white shadow-medium\"><div  class=\"col-xs-12 col-sm-6 image-col first-image-col\" data-bg=\"image\" style=\"background-image: url(&quot;https:\/\/studio-campana.com\/wp-content\/uploads\/2021\/06\/AdobeStock_230807163-min-2.jpeg&quot;);\"><\/div> <div  class=\"col-xs-12 col-sm-6 content-col col-padding col-padding-xs\"> <div  class=\"col-padding\" data-type=\"column\"> <h4  class=\"\">RISPOSTA IMMEDIATA<\/h4> <p  class=\"\">Gli interventi richiesti dai nostri condomini vengono evasi dal personale di studio in meno di 24 ore e viene garantito un servizio a 360\u00b0.Tutto ci\u00f2 \u00e8 reso possibile grazie ai nostri fornitori, professionisti del settore, in grado di assicurare una risposta immediata alle emergenze.<\/p> <\/div> <\/div><\/div> <div  class=\"row bg-color-white shadow-medium\"><div  class=\"col-xs-12 col-sm-6 content-col col-padding col-padding-xs\"> <div  class=\"col-padding\" data-type=\"column\"><h4  class=\"\">COLLABORATORI<\/h4> <p  class=\"\">Grazie al lavoro coordinato di pi\u00f9 professionisti e consulenti di fiducia esterni, lo Studio Campana &amp; C. \u00e8 in grado di garantire la massima assistenza in ogni ambito della vita condominiale.<\/p> <\/div> <\/div> <div  class=\"col-xs-12 col-sm-6 image-col second-image-col first-xs last-sm\" data-bg=\"image\" style=\"background-image: url(&quot;https:\/\/studio-campana.com\/wp-content\/uploads\/2021\/06\/AdobeStock_278575812.jpeg&quot;);\"><\/div> <\/div><\/div> <\/div><div  data-label=\"Cta\" data-id=\"cta--2\" data-export-id=\"cta-centered-section-grid\" data-category=\"cta\" class=\"cta-centered-section-grid content-section content-section-spacing-medium bg-color1 white-text\" id=\"cta-3\" style=\"background-image: none; background-color: rgb(53, 140, 68);\"><div  class=\"gridContainer\"> <div  class=\"row text-center\"><div  class=\"col-xs-12 col-sm-10 col-sm-offset-1 col-md-8 col-md-offset-2\" data-type=\"column\"> <h2  class=\"\">ORARI DELLO STUDIO<\/h2> <p  class=\"\">Lo studio \u00e8 aperto dal luned\u00ec al venerd\u00ec, dalle 9.30 alle 12.30 e dalle 15.00 alle 18.00.<br >\n<span  style=\"font-weight: 700;\">Si riceve in studio solo su appuntamento,<\/span> \n<br >rispondiamo al telefono nei giorni lavorativi dalle 9.30 alle 12.30 e dalle 15.30 alle 18.00.<\/p> <\/div> <\/div><\/div> <\/div><div  data-label=\"Contatti\" data-id=\"contact--1\" data-export-id=\"contact-7\" data-category=\"contact\" class=\"contact-7 content-section content-section-spacing white-text\" data-parallax-depth=\"20\" id=\"contatti\" style=\"background-color: rgb(245, 250, 253); background-image: url(&quot;https:\/\/studio-campana.com\/wp-content\/uploads\/2019\/10\/image-1-1024x768.png&quot;); background-size: cover; background-position: center top;\" data-section-ov=\"1\"><div  class=\"gridContainer\"> <div  class=\"row text-center\"><div  class=\"col-xs-12\"> <div  class=\"card no-padding\"><div  class=\"row\"> <div  class=\"col-xs-12 col-sm-6 contact-form-wrapper inline-info shadow-medium\"><h2  class=\"text-center font-300 color-black\">Entra in&nbsp;<span  id=\"_mce_caret\" data-mce-bogus=\"1\" data-mce-type=\"format-caret\"><span  style=\"font-weight: 700;\">\ufeffcontatto<span  id=\"_mce_caret\" data-mce-bogus=\"1\" data-mce-type=\"format-caret\"><span  style=\"font-weight: 400;\">\ufeff&nbsp;<span  id=\"_mce_caret\" data-mce-bogus=\"1\" data-mce-type=\"format-caret\"><span  style=\"font-weight: 300;\">\ufeffcon noi<\/span><\/span><\/span><\/span><\/span><\/span><\/h2> <div  class=\"\" data-content-shortcode=\"mesmerize_contact_form shortcode=&quot;contact-form-7 id=&amp;amp;quot;39&amp;amp;quot; title=&amp;amp;quot;Modulo di contatto 1&amp;amp;quot;&quot;\" data-editable=\"true\"><div role=\"form\" class=\"wpcf7\" id=\"wpcf7-f39-o1\" lang=\"it-IT\" dir=\"ltr\">\n<div class=\"screen-reader-response\"><\/div>\n<form action=\"\/index.php?rest_route=%2Fwp%2Fv2%2Fpages%2F6#wpcf7-f39-o1\" method=\"post\" class=\"wpcf7-form wpcf7-acceptance-as-validation\" novalidate=\"novalidate\">\n<div style=\"display: none;\">\n<input type=\"hidden\" name=\"_wpcf7\" value=\"39\" \/>\n<input type=\"hidden\" name=\"_wpcf7_version\" value=\"5.1.4\" \/>\n<input type=\"hidden\" name=\"_wpcf7_locale\" value=\"it_IT\" \/>\n<input type=\"hidden\" name=\"_wpcf7_unit_tag\" value=\"wpcf7-f39-o1\" \/>\n<input type=\"hidden\" name=\"_wpcf7_container_post\" value=\"0\" \/>\n<\/div>\n<p class=\"input-form\">\n<label> Nome*<br \/>\n    <span class=\"wpcf7-form-control-wrap your-name\"><input type=\"text\" name=\"your-name\" value=\"\" size=\"40\" class=\"wpcf7-form-control wpcf7-text wpcf7-validates-as-required\" aria-required=\"true\" aria-invalid=\"false\" \/><\/span> <\/label><\/p>\n<p class=\"input-form\">\n<label> Email*<br \/>\n    <span class=\"wpcf7-form-control-wrap your-email\"><input type=\"email\" name=\"your-email\" value=\"\" size=\"40\" class=\"wpcf7-form-control wpcf7-text wpcf7-email wpcf7-validates-as-required wpcf7-validates-as-email\" aria-required=\"true\" aria-invalid=\"false\" \/><\/span> <\/label><\/p>\n<p class=\"input-form\">\n<label> Oggetto*<br \/>\n    <span class=\"wpcf7-form-control-wrap your-subject\"><input type=\"text\" name=\"your-subject\" value=\"\" size=\"40\" class=\"wpcf7-form-control wpcf7-text wpcf7-validates-as-required\" aria-required=\"true\" aria-invalid=\"false\" \/><\/span> <\/label><\/p>\n<p class=\"input-form input-form100\">\n<label> Inserisci un tuo messaggio<br \/>\n    <span class=\"wpcf7-form-control-wrap your-message\"><textarea name=\"your-message\" cols=\"40\" rows=\"10\" class=\"wpcf7-form-control wpcf7-textarea\" aria-invalid=\"false\"><\/textarea><\/span> <\/label><\/p>\n<p class=\"input-form input-form100\">\n<span class=\"wpcf7-form-control-wrap accept-this-3\"><span class=\"wpcf7-form-control wpcf7-acceptance\"><span class=\"wpcf7-list-item\"><label><input type=\"checkbox\" name=\"accept-this-3\" value=\"1\" aria-invalid=\"false\" \/><span class=\"wpcf7-list-item-label\">AUTORIZZO IL <a target=\"_blank\" href=\"https:\/\/studio-campana.com\/privacy-policy\/\" style=\"text-decoration:underline;\">TRATTAMENTO DEI DATI PERSONALI<\/a><\/span><\/label><\/span><\/span><\/span>\n<\/p>\n<p>*campo obbligatorio<\/p>\n<p class=\"par-button-contact7\">\n<input type=\"submit\" value=\"Invia\" class=\"wpcf7-form-control wpcf7-submit\" \/><\/p>\n<div class=\"wpcf7-response-output wpcf7-display-none\"><\/div><\/form><\/div><\/div><\/div> <div  class=\"col-xs-12 col-sm-6 map-col\"><div  data-content-shortcode=\"mesmerize_maps address=&quot;VIA FELTRE 27  20132 MILANO &quot; zoom=&quot;74&quot;\" data-editable=\"true\" class=\"map-wrapper\"><iframe class=\"mesmerize-google-maps mesmerize-frame-map\" src=\"https:\/\/maps.google.com\/maps?q=VIA FELTRE 27  20132 MILANO &amp;z=16&amp;t=m&amp;output=embed&amp;iwloc=near\"><\/iframe><\/div><\/div> <\/div><\/div> <\/div><\/div> <\/div><\/div>","protected":false},"excerpt":{"rendered":"<p>CHI SIAMO Lo Studio Campana &amp; C. vanta un\u2019esperienza trentennale e consolidata nel settore dell\u2019amministrazione condominiale e della gestione di patrimoni immobiliari. L\u2019esperienza e la preparazione amministrativa, tecnica e giuridica, fanno dello Studio un riferimento qualitativamente valido per risolvere tutte le problematiche della vita condominiale. Qualit\u00e0 dei servizi, trasparenza nella gestione, disponibilit\u00e0 dell\u2019amministrazione, messa in&hellip; <br \/> <a class=\"read-more\" href=\"https:\/\/studio-campana.com\/\">Read more<\/a><\/p>\n","protected":false},"author":1,"featured_media":0,"parent":0,"menu_order":0,"comment_status":"closed","ping_status":"closed","template":"page-templates\/homepage.php","meta":{"footnotes":""},"class_list":["post-6","page","type-page","status-publish","hentry"],"_links":{"self":[{"href":"https:\/\/studio-campana.com\/index.php?rest_route=\/wp\/v2\/pages\/6","targetHints":{"allow":["GET"]}}],"collection":[{"href":"https:\/\/studio-campana.com\/index.php?rest_route=\/wp\/v2\/pages"}],"about":[{"href":"https:\/\/studio-campana.com\/index.php?rest_route=\/wp\/v2\/types\/page"}],"author":[{"embeddable":true,"href":"https:\/\/studio-campana.com\/index.php?rest_route=\/wp\/v2\/users\/1"}],"replies":[{"embeddable":true,"href":"https:\/\/studio-campana.com\/index.php?rest_route=%2Fwp%2Fv2%2Fcomments&post=6"}],"version-history":[{"count":71,"href":"https:\/\/studio-campana.com\/index.php?rest_route=\/wp\/v2\/pages\/6\/revisions"}],"predecessor-version":[{"id":289,"href":"https:\/\/studio-campana.com\/index.php?rest_route=\/wp\/v2\/pages\/6\/revisions\/289"}],"wp:attachment":[{"href":"https:\/\/studio-campana.com\/index.php?rest_route=%2Fwp%2Fv2%2Fmedia&parent=6"}],"curies":[{"name":"wp","href":"https:\/\/api.w.org\/{rel}","templated":true}]}}